{"id":145,"date":"2021-10-30T16:19:28","date_gmt":"2021-10-30T14:19:28","guid":{"rendered":"https:\/\/www.benny-mokross.de\/wp\/?page_id=145"},"modified":"2021-11-07T14:55:51","modified_gmt":"2021-11-07T13:55:51","slug":"der-autor","status":"publish","type":"page","link":"https:\/\/www.benny-mokross.de\/wp\/der-autor\/","title":{"rendered":"Der Autor"},"content":{"rendered":"<h2>Der Autor<\/h2>\n<p>Im Laufe seiner langj\u00e4hrigen Lehrt\u00e4tigkeit als Schlagzeuglehrer und Lehrbeauftragter f\u00fcr Drumset und Percussion an der <a href=\"https:\/\/www.dortmund.de\/de\/freizeit_und_kultur\/musikschule\/house_of_popular_music\/glen_buschmann_jazzakademie\/index.html\" target=\"_blank\" rel=\"noopener\">Glen-Buschmann-Jazzakademie Dortmund<\/a> und der <a href=\"https:\/\/www.tu-dortmund.de\/\" target=\"_blank\" rel=\"noopener\">TU Dortmund<\/a> hat Benny Mokross f\u00fcr seine <a href=\"https:\/\/www.benny-mokross.de\/wp\/der-lehrer\/\">Sch\u00fcler und Studenten<\/a> umfangreiches Lehrmaterial entwickelt und geschrieben, z.B. Drum-Chart-Transkriptionen oder \u00dcbungen f\u00fcr spezielle Themenbereiche (z.B. Independence, Odd-Meter-Grooves, Fill-Ins usw.)<\/p>\n<p>Zu diesem Notenmaterial gibt es teilweise auch Audio-Playalongs.<br \/>Die folgenden beiden Notenbl\u00e4tter und die dazugeh\u00f6renden Playalongs kann man kostenlos<br \/>runterladen und frei benutzen. Viel Spa\u00df damit !<\/p>\n<p>\u00a0<\/p>\n\n\n<div class=\"wp-block-media-text alignwide is-stacked-on-mobile\" style=\"grid-template-columns:28% auto\"><figure class=\"wp-block-media-text__media\"><a href=\"https:\/\/www.benny-mokross.de\/wp\/wp-content\/uploads\/2021\/10\/BDIndependence8-tel.jpg\"><img loading=\"lazy\" decoding=\"async\" width=\"623\" height=\"900\" src=\"https:\/\/www.benny-mokross.de\/wp\/wp-content\/uploads\/2021\/10\/BDIndependence8-tel.jpg\" alt=\"\" class=\"wp-image-149 size-full\" srcset=\"https:\/\/www.benny-mokross.de\/wp\/wp-content\/uploads\/2021\/10\/BDIndependence8-tel.jpg 623w, https:\/\/www.benny-mokross.de\/wp\/wp-content\/uploads\/2021\/10\/BDIndependence8-tel-208x300.jpg 208w\" sizes=\"auto, (max-width: 623px) 100vw, 623px\" \/><\/a><\/figure><div class=\"wp-block-media-text__content\">\n<p class=\"has-large-font-size\">BD-Independence 1\/8<\/p>\n\n\n\n<figure class=\"wp-block-audio\"><audio controls src=\"https:\/\/www.benny-mokross.de\/wp\/wp-content\/uploads\/2021\/10\/BD-8tel-1-8-komplett.mp3\"><\/audio><\/figure>\n\n\n\n<p>zum vergr\u00f6\u00dfern der Noten bitte das Bild anclicken!<\/p>\n\n\n\n<p>\u25ba&nbsp;<a href=\"https:\/\/www.benny-mokross.de\/wp\/wp-content\/uploads\/2021\/10\/BD-8tel-1-8-komplett.mp3\">Noten + mp3 Playalong downloaden<\/a>&nbsp;(ca. 2635 kb)<\/p>\n<\/div><\/div>\n\n\n\n<div class=\"wp-block-media-text alignwide is-stacked-on-mobile\" style=\"grid-template-columns:28% auto\"><figure class=\"wp-block-media-text__media\"><a href=\"https:\/\/www.benny-mokross.de\/wp\/wp-content\/uploads\/2021\/10\/BDIndependence16-tel.jpg\"><img loading=\"lazy\" decoding=\"async\" width=\"618\" height=\"900\" src=\"https:\/\/www.benny-mokross.de\/wp\/wp-content\/uploads\/2021\/10\/BDIndependence16-tel.jpg\" alt=\"\" class=\"wp-image-150 size-full\" srcset=\"https:\/\/www.benny-mokross.de\/wp\/wp-content\/uploads\/2021\/10\/BDIndependence16-tel.jpg 618w, https:\/\/www.benny-mokross.de\/wp\/wp-content\/uploads\/2021\/10\/BDIndependence16-tel-206x300.jpg 206w\" sizes=\"auto, (max-width: 618px) 100vw, 618px\" \/><\/a><\/figure><div class=\"wp-block-media-text__content\">\n<p class=\"has-large-font-size\">BD-Independence 1\/16<\/p>\n\n\n\n<figure class=\"wp-block-audio\"><audio controls src=\"https:\/\/www.benny-mokross.de\/wp\/wp-content\/uploads\/2021\/10\/BD16tel-1-8-komplett.mp3\"><\/audio><\/figure>\n\n\n\n<p>zum vergr\u00f6\u00dfern der Noten bitte das Bild anclicken!<\/p>\n\n\n\n<p>\u25ba&nbsp;<a href=\"https:\/\/www.benny-mokross.de\/wp\/wp-content\/uploads\/2021\/10\/BD_Independence16-tel_Noten-mp3.zip\">Noten + mp3 Playalong downloaden<\/a>&nbsp;(ca. 2806 kb)<\/p>\n<\/div><\/div>\n\n\n\n<p>Zur Zeit schreibt Benny Mokross ein Schlagzeugbuch, das sich konkret mit ungeraden Taktarten und entsprechenden Rhythmen und Fills besch\u00e4ftigt.<br>Die Anregung dazu erhielt er von dem amerikanischen Musikverlag Mel Bay, f\u00fcr den Benny Mokross schon einige Male zusammen mit dem Gitarristen und Mel Bay Buchautor&nbsp;<a href=\"http:\/\/www.buckwolters.de\/\" target=\"_blank\" rel=\"noreferrer noopener\">Buck Wolters&nbsp;<\/a>auf der Musikmesse Frankfurt gespielt hat.<\/p>\n\n\n\n<h4 class=\"wp-block-heading\">weiter zu:<\/h4>\n\n\n\n<ul class=\"wp-block-list\"><li><a href=\"https:\/\/www.benny-mokross.de\/wp\/buch-hier-koennen-sie\/\" data-type=\"post\" data-id=\"1\">Buch: &#8222;&#8230;hier k\u00f6nnen Sie aber nicht parken!&#8220;(aus dem Leben eines freischaffenden Musikers)<\/a><\/li><\/ul>\n","protected":false},"excerpt":{"rendered":"<p>Der Autor Im Laufe seiner langj\u00e4hrigen Lehrt\u00e4tigkeit als Schlagzeuglehrer und Lehrbeauftragter f\u00fcr Drumset und Percussion an der Glen-Buschmann-Jazzakademie Dortmund und [&hellip;]<\/p>\n","protected":false},"author":1,"featured_media":158,"parent":0,"menu_order":0,"comment_status":"closed","ping_status":"closed","template":"","meta":{"footnotes":""},"class_list":["post-145","page","type-page","status-publish","has-post-thumbnail","hentry"],"_links":{"self":[{"href":"https:\/\/www.benny-mokross.de\/wp\/wp-json\/wp\/v2\/pages\/145","targetHints":{"allow":["GET"]}}],"collection":[{"href":"https:\/\/www.benny-mokross.de\/wp\/wp-json\/wp\/v2\/pages"}],"about":[{"href":"https:\/\/www.benny-mokross.de\/wp\/wp-json\/wp\/v2\/types\/page"}],"author":[{"embeddable":true,"href":"https:\/\/www.benny-mokross.de\/wp\/wp-json\/wp\/v2\/users\/1"}],"replies":[{"embeddable":true,"href":"https:\/\/www.benny-mokross.de\/wp\/wp-json\/wp\/v2\/comments?post=145"}],"version-history":[{"count":8,"href":"https:\/\/www.benny-mokross.de\/wp\/wp-json\/wp\/v2\/pages\/145\/revisions"}],"predecessor-version":[{"id":465,"href":"https:\/\/www.benny-mokross.de\/wp\/wp-json\/wp\/v2\/pages\/145\/revisions\/465"}],"wp:featuredmedia":[{"embeddable":true,"href":"https:\/\/www.benny-mokross.de\/wp\/wp-json\/wp\/v2\/media\/158"}],"wp:attachment":[{"href":"https:\/\/www.benny-mokross.de\/wp\/wp-json\/wp\/v2\/media?parent=145"}],"curies":[{"name":"wp","href":"https:\/\/api.w.org\/{rel}","templated":true}]}}